{"id":609,"date":"2021-12-21T14:01:10","date_gmt":"2021-12-21T14:01:10","guid":{"rendered":"https:\/\/moser-consulting.ch\/?page_id=609"},"modified":"2021-12-22T09:21:23","modified_gmt":"2021-12-22T09:21:23","slug":"stellenangebote","status":"publish","type":"page","link":"https:\/\/moser-consulting.ch\/en\/stellenangebote\/","title":{"rendered":"Stellenangebote"},"content":{"rendered":"<h1>\n\t\t\t\tStellenangebot&#8230;\n\t\t\t<\/h1>\n\t\t\t<p>&#8230; das zu Ihren Anforderungen passt.<\/p>\t\n\t<h2>\n\t\t\t\tStandard Stelle?\n\t\t\t<\/h2>\n\t\t\t<p>Bestimmt nicht. Und auch kein &#8222;nine-to-five&#8220; Job. Wir wollen Erfolg. Ihren Erfolg. Egal, ob Sie ein alter Hase oder ein Jungspund auf dem Gebiet von SAP sind, wir glauben an Menschen die etwas erreichen wollen. Mit Begeisterung. Mit Motivation. Mit Interesse. Genau f\u00fcr diese Menschen haben wir Stellenangebote passend zur pers\u00f6nlichen Vision.\u00a0\u00a0<\/p>\t\n\t<h3>\n\t\t\t\tAuf einen Blick\n\t\t\t<\/h3>\n\t\t\t<p>Es gibt einige Gr\u00fcnde, die f\u00fcr einen interessanten Arbeitsplatz wichtig sind. Hier erst mal drei davon, die f\u00fcr uns sprechen. Kurz und b\u00fcndig!<\/p>\t\n\t\t\t<h2>1. <\/h2><h3>Interessante Projekte<\/h3>\t\t\t\n\t\t\t\t<p>Von komplexen SLA Systemen in SAP BW bis hin zu Single Point of Truth Projekten. Alles dabei und oft international.<\/p>\n\t\t\t<h2>2.<\/h2><h3>Flexibles Arbeiten<\/h3>\t\t\t\n\t\t\t\t<p>Feste Arbeitszeiten? Das war gestern. An erster Stelle steht das Erledigen der Arbeit. Wann und wie lange: Sie entscheiden.<\/p>\n\t\t\t<h2>3.<\/h2><h3>Neue Technologien<\/h3>\t\t\t\n\t\t\t\t<p>Wir sind offen f\u00fcr Ver\u00e4nderungen. Neue Ideen und Technologien treiben uns an und bilden die Basis, um f\u00fcr unsere Kunden die beste L\u00f6sung zu finden.<\/p>\n\t<h3>\n\t\t\t\tIT im Herzen. SAP unter der Haut.\n\t\t\t<\/h3>\n\t\t\t<p>Seit \u00fcber 20 Jahren unterst\u00fctzen wir Unternehmen mit innovativen SAP-L\u00f6sungen auf ihrem Weg in die Zukunft. Direkt. Unkonventionell. Zuverl\u00e4ssig. Wir verkn\u00fcpfen dabei das Beste aus kleinem Beratungshaus und gro\u00dfem Wissensschatz: Flexibilit\u00e4t, pers\u00f6nliche Betreuung und zugleich zukunftsweisende Projekte bei internationalen Klienten. <br \/>Die Data Galaxie eines Unternehmens beherrschen, analysieren und organisieren: Damit kennen wir uns aus. Wir liefern vom komplexen Data Warehouse bis hin zur Reporting-Plattform alles, damit unsere Kunden ihre Daten jederzeit im Griff haben. Falls notwendig, gehen wir auch die extra Meile. <br \/>Individuelle Data Engineering- und Data Science-L\u00f6sungen erfordern die richtige Perspektive, Energie und vorausschauendes Denken. Nicht zu vergessen moderne Technologien. Daraus ergeben sich dann hilfreiche Einblicke, Erkenntnisse und Prognosen.<\/p>\t\n\t<ul>\n\t\t<li>\t\t\t\t\n\t\t<h3>Haben wir Ihr Interesse geweckt?<\/h3><\/li>\t<\/ul>\n\t\t\t<a href=\"https:\/\/moser-consulting.ch\/en\/kontakt\/\" target=\"_blank\" rel=\"noopener\" role=\"button\" aria-label=\"Contact us\">\n\t\t\t\t\t\t\t\t\t\t\tContact us\n\t\t<\/a>\n\t<h2>\n\t\t\t\tAufgaben, die Ihnen Freude machen.\n\t\t\t<\/h2>\n\t\t\t<p>Gemeinsam erfolgreich Projekte umsetzen. Das m\u00f6chten wir mit Ihnen. Dabei sind Ihre Aufgaben so anspruchsvoll wie abwechslungsreich.<\/p>\t\n\t\t<h3>Was uns wichtig ist<\/h3>\t\t\t\n\t\t\t\t<p>Arbeiten f\u00fcr und bei uns hei\u00dft: Sie sind uns wichtig, mit dem was Sie vorhaben und wie Sie sind. Deshalb gibt es bei uns kein 08\/15 arbeiten, sondern passend zu Ihrer Vision. Vom Home-Office aus, flexibel und selbstst\u00e4ndig. Spricht Sie das an? Dann willkommen bei Moser Business Consulting GmbH.<\/p>\n\t\t<h3>Ihre M\u00f6glichkeiten<\/h3>\t\t\t\n\t\t\t\t<p>Bei uns haben Sie die M\u00f6glichkeit, Ihre F\u00e4higkeiten im Bereich SAP BI\/BW\/HANA voll zu entfalten und Ihr Know-How zu vertiefen. Neben abwechslungsreichen und anspruchsvollen Projekten bei namenhaften Kunden zahlreicher Branchen, arbeiten Sie selbstst\u00e4ndig. Wir bieten das n\u00f6tige Umfeld dazu.<\/p>\n<h2>\n\t\tWir wollen wachsen und suchen:\n\t<\/h2>\n\t<h3>\n\t\t\t\tBusiness Intelligence \/ Data Warehouse Engineer m\/w\/d\n\t\t\t<\/h3>\n\t\t\t<p>Freiberufler, Vollzeit, Teilzeit. Viel geht, nichts muss.<\/p>\t\n\t\t\t\t<img loading=\"lazy\" decoding=\"async\" src=\"https:\/\/moser-consulting.ch\/wp-content\/uploads\/2021\/12\/job-offer1.2.jpg\" alt=\"Businessman with laptop on desk and air conditioner design, Office business management and corporate theme Vector illustration\" itemprop=\"image\" height=\"1200\" width=\"900\" title=\"job-offer1.2\" onerror=\"this.style.display='none'\"  \/>\n<h3>\n\t\tDas erwartet Sie:\n\t<\/h3>\n\t<ul>\n<li>Sie konzipieren und entwickeln unser bestehendes Data Warehouse weiter<\/li>\n<li>Im Fokus Ihrer T\u00e4tigkeit steht vor allem die technische Umsetzung in unserer Exasol Datenbank<\/li>\n<li>Sie ermitteln und pr\u00fcfen die technischen Anforderungen im Rahmen einer Anforderungsanalyse bei neuen Projekten und erweitern das bestehende Set von Datenquellen im DWH, in dessen Zentrum unser ERP System SAP S\/4 HANA steht<\/li>\n<li>Durch die Anbindung neuer Datenquellen aus den Bereichen Webtracking, App, POS, WMS und CMS tragen Sie dazu bei, diese zu vernetzen und Zusammenh\u00e4nge \u00fcber Abteilungsgrenzen hinweg sichtbar zu machen<\/li>\n<li>Innerhalb des BI Teams tr\u00e4gen Sie zur Problemanalyse bei und bringen eigene Ideen zur Datenmodellierung oder dem Aufbau von Predictive Analytics ein<\/li>\n<li>Mit SQL, Java und Python erweitern Sie die Datenbanken und implementieren neue L\u00f6sungsans\u00e4tze<\/li>\n<li>Sie arbeiten in enger Abstimmung mit unserem Head of Business Intelligence<\/li>\n<\/ul>\n<h3>\n\t\tDas bringen Sie mit:\n\t<\/h3>\n\t<ul>\n<li>Sie vef\u00fcgen bereits \u00fcber einige Jahre Erfahrung in SQL<\/li>\n<li>SAP S\/4 HANA, Tableau Desktop, Tableau Online, Tableau Server oder vergleichbare Software sind Ihnen vertraut<\/li>\n<li>Erfahrung mit Python, R und Java sowie Mulitnode Datenbanken sind von Vorteil<\/li>\n<li>Exasol DB, APIs (vorzugsweise Microsoft SQL-Server), Talend Open Studio und objektorientierte Programmierung sind keine Fremdw\u00f6rter f\u00fcr Sie<\/li>\n<li>Sie verf\u00fcgen \u00fcber eine schnelle Auffassungsgabe und ein ausgepr\u00e4gtes analytisches Denkverm\u00f6gen<\/li>\n<li>Sie arbeiten mit agilen Methoden zur Software-Entwicklung<\/li>\n<li>Sie arbeiten gerne selbstst\u00e4ndig und haben Freude an der Kommunikation und dem Umgang mit Kunden und Gesch\u00e4ftspartnern<\/li>\n<li>Sie bringen gute Englischkenntnisse mit<\/li>\n<\/ul>\n\t\t\t\t<img loading=\"lazy\" decoding=\"async\" src=\"https:\/\/moser-consulting.ch\/wp-content\/uploads\/2021\/12\/job-offer1.3.jpg\" alt=\"Businessman working on computer in office. Vector illustration\" itemprop=\"image\" height=\"1200\" width=\"900\" title=\"Businessman working on computer in office. Vector illustration\" onerror=\"this.style.display='none'\"  \/>\n\t<ul>\n\t\t<li><h3>Arbeiten bei Moser Consulting heisst:<\/h3><\/li>\t<\/ul>\n\t\t\t\t\t\t\tMitgestalten\n\t\t\t100%\n\t\t\t\t\t\t\tMitwachsen\n\t\t\t100%\n\t\t\t\t\t\t\tMitdenken\n\t\t\t100%\n\t\t\t\t\t\t\tMitmachen\n\t\t\t100%\n\t<h3>\n\t\t\t\tH\u00f6rt sich interessant an?\n\t\t\t<\/h3>\n\t\t\t<p>Dann nehmen Sie gerne Kontakt auf und lassen Sie uns ins Gespr\u00e4ch kommen.<\/p>\t\n\t<div class=\"wpforms-container\" id=\"wpforms-10\"><form id=\"wpforms-form-10\" class=\"wpforms-validate wpforms-form\" data-formid=\"10\" method=\"post\" enctype=\"multipart\/form-data\" action=\"\/en\/wp-json\/wp\/v2\/pages\/609\" data-token=\"1b54e1356425ba5399969420c19494aa\" data-token-time=\"1777579529\" data-trp-original-action=\"\/en\/wp-json\/wp\/v2\/pages\/609\"><noscript class=\"wpforms-error-noscript\">Please enable JavaScript in your browser to complete this form.<\/noscript><div class=\"wpforms-field-container\"><div id=\"wpforms-10-field_5-container\" class=\"wpforms-field wpforms-field-name\" data-field-id=\"5\"><label class=\"wpforms-field-label wpforms-label-hide\" for=\"wpforms-10-field_5\">Name <span class=\"wpforms-required-label\">*<\/span><\/label><div class=\"wpforms-field-row wpforms-field-large\"><div class=\"wpforms-field-row-block wpforms-first wpforms-one-half\"><input type=\"text\" id=\"wpforms-10-field_5\" class=\"wpforms-field-name-first wpforms-field-required\" name=\"wpforms[fields][5][first]\" placeholder=\"Vorname\" required><label for=\"wpforms-10-field_5\" class=\"wpforms-field-sublabel after wpforms-sublabel-hide\">First<\/label><\/div><div class=\"wpforms-field-row-block wpforms-one-half\"><input type=\"text\" id=\"wpforms-10-field_5-last\" class=\"wpforms-field-name-last wpforms-field-required\" name=\"wpforms[fields][5][last]\" placeholder=\"Nachname\" required><label for=\"wpforms-10-field_5-last\" class=\"wpforms-field-sublabel after wpforms-sublabel-hide\">Last<\/label><\/div><\/div><\/div><div id=\"wpforms-10-field_4-container\" class=\"wpforms-field wpforms-field-text\" data-field-id=\"4\"><label class=\"wpforms-field-label wpforms-label-hide\" for=\"wpforms-10-field_4\">Phone number <span class=\"wpforms-required-label\">*<\/span><\/label><input type=\"text\" id=\"wpforms-10-field_4\" class=\"wpforms-field-large wpforms-field-required\" name=\"wpforms[fields][4]\" placeholder=\"Ihre Telefonnummer\" required><\/div><div id=\"wpforms-10-field_1-container\" class=\"wpforms-field wpforms-field-email\" data-field-id=\"1\"><label class=\"wpforms-field-label wpforms-label-hide\" for=\"wpforms-10-field_1\">Email <span class=\"wpforms-required-label\">*<\/span><\/label><input type=\"email\" id=\"wpforms-10-field_1\" class=\"wpforms-field-large wpforms-field-required\" name=\"wpforms[fields][1]\" placeholder=\"Ihre E-Mail Adresse\" spellcheck=\"false\" required><\/div><div id=\"wpforms-10-field_3-container\" class=\"wpforms-field wpforms-field-text\" data-field-id=\"3\"><label class=\"wpforms-field-label wpforms-label-hide\" for=\"wpforms-10-field_3\">Betreff<\/label><input type=\"text\" id=\"wpforms-10-field_3\" class=\"wpforms-field-large\" name=\"wpforms[fields][3]\" placeholder=\"Betreff\" ><\/div><div id=\"wpforms-10-field_2-container\" class=\"wpforms-field wpforms-field-textarea\" data-field-id=\"2\"><label class=\"wpforms-field-label wpforms-label-hide\" for=\"wpforms-10-field_2\">Nachricht <span class=\"wpforms-required-label\">*<\/span><\/label><textarea id=\"wpforms-10-field_2\" class=\"wpforms-field-medium wpforms-field-required\" name=\"wpforms[fields][2]\" placeholder=\"Ihre Nachricht\" required><\/textarea><\/div><div id=\"wpforms-10-field_9-container\" class=\"wpforms-field wpforms-field-gdpr-checkbox\" data-field-id=\"9\"><label class=\"wpforms-field-label\">DSGVO-Einverst\u00e4ndnis <span class=\"wpforms-required-label\">*<\/span><\/label><ul id=\"wpforms-10-field_9\" class=\"wpforms-field-required\"><li class=\"choice-1\"><input type=\"checkbox\" id=\"wpforms-10-field_9_1\" name=\"wpforms[fields][9][]\" value=\"Ich willige ein, dass diese Website meine \u00fcbermittelten Informationen speichert, sodass meine Anfrage beantwortet werden kann und stimme der &lt;a href=&quot; https:\/\/moser-consulting.ch\/datenschutzerklaerung\/&quot;&gt;&lt;span style=&quot;color: #00e269;&quot;&gt;Datenschutzerkl\u00e4rung&lt;\/a&gt; zu.\" required><label class=\"wpforms-field-label-inline\" for=\"wpforms-10-field_9_1\">Ich willige ein, dass diese Website meine \u00fcbermittelten Informationen speichert, sodass meine Anfrage beantwortet werden kann und stimme der <a href=\"https:\/\/moser-consulting.ch\/en\/datenschutzerklaerung\/\"><span style=\"color: #00e269\">Privacy Policy<\/a> zu.<\/label><\/li><\/ul><\/div><\/div><!-- .wpforms-field-container --><div class=\"wpforms-field wpforms-field-hp\"><label for=\"wpforms-10-field-hp\" class=\"wpforms-field-label\">Email<\/label><input type=\"text\" name=\"wpforms[hp]\" id=\"wpforms-10-field-hp\" class=\"wpforms-field-medium\"><\/div><div class=\"wpforms-submit-container\" ><input type=\"hidden\" name=\"wpforms[id]\" value=\"10\"><input type=\"hidden\" name=\"page_title\" value=\"\"><input type=\"hidden\" name=\"page_url\" value=\"https:\/\/moser-consulting.ch\/en\/wp-json\/wp\/v2\/pages\/609\"><button type=\"submit\" name=\"wpforms[submit]\" id=\"wpforms-submit-10\" class=\"wpforms-submit\" data-alt-text=\"wird \u00fcbermittelt\" data-submit-text=\"Senden\" aria-live=\"assertive\" value=\"wpforms-submit\">Senden<\/button><\/div><input type=\"hidden\" name=\"trp-form-language\" value=\"en\"\/><\/form><\/div>  <!-- .wpforms-container -->\n\t<h3>\n\t\t\t\tEmail\n\t\t\t<\/h3>\n\t\t\t<p>info@moser-consulting.ch<\/p>\t\n\t<h3>\n\t\t\t\tOffice hours\n\t\t\t<\/h3>\n\t\t\t<p>8.00 Uhr\u00a0 &#8211; 18.00 Uhr<br \/>Montag &#8211; Freitag<\/p>\t\n\t<h3>\n\t\t\t\tPhone number\n\t\t\t<\/h3>\n\t\t\t<p>+41 71 7223370<br \/>+41 79 9371933<\/p>\t\n\t<h3>\n\t\t\t\tSocial Media\n\t\t\t<\/h3>\n\t\t\t<p><a href=\"https:\/\/www.facebook.com\/Moser-Business-Consulting-GmbH-184250738251691\" target=\"_blank\" rel=\"noopener\">facebook<\/a><\/p>","protected":false},"excerpt":{"rendered":"<p>Services.\u200b Our Services Cupiditate voluptatem per etiam inventore sociosqu Service &#038; Maintenance Quam doloremque torquent. Curae luctus facilisis wisi exercitation aliqua. System Replacement Quam doloremque torquent. Curae luctus facilisis wisi exercitation aliqua. Pipe Cleaning Quam doloremque torquent. Curae luctus facilisis wisi exercitation aliqua. Heater Fan Motor Quam doloremque torquent. Curae luctus facilisis wisi exercitation aliqua. &hellip;<\/p>\n<p class=\"read-more\"> <a class=\"\" href=\"https:\/\/websitedemos.net\/ac-technician-01\/services\/\"> <span class=\"screen-reader-text\">Services<\/span> Read More &raquo;<\/a><\/p>","protected":false},"author":2,"featured_media":0,"parent":0,"menu_order":0,"comment_status":"closed","ping_status":"closed","template":"","meta":{"site-sidebar-layout":"no-sidebar","site-content-layout":"page-builder","ast-site-content-layout":"","site-content-style":"default","site-sidebar-style":"default","ast-global-header-display":"","ast-banner-title-visibility":"","ast-main-header-display":"","ast-hfb-above-header-display":"","ast-hfb-below-header-display":"","ast-hfb-mobile-header-display":"","site-post-title":"disabled","ast-breadcrumbs-content":"","ast-featured-img":"disabled","footer-sml-layout":"","theme-transparent-header-meta":"default","adv-header-id-meta":"","stick-header-meta":"default","header-above-stick-meta":"","header-main-stick-meta":"","header-below-stick-meta":"","astra-migrate-meta-layouts":"default","ast-page-background-enabled":"default","ast-page-background-meta":{"desktop":{"background-color":"","background-image":"","background-repeat":"repeat","background-position":"center center","background-size":"auto","background-attachment":"scroll","background-type":"","background-media":"","overlay-type":"","overlay-color":"","overlay-opacity":"","overlay-gradient":""},"tablet":{"background-color":"","background-image":"","background-repeat":"repeat","background-position":"center center","background-size":"auto","background-attachment":"scroll","background-type":"","background-media":"","overlay-type":"","overlay-color":"","overlay-opacity":"","overlay-gradient":""},"mobile":{"background-color":"","background-image":"","background-repeat":"repeat","background-position":"center center","background-size":"auto","background-attachment":"scroll","background-type":"","background-media":"","overlay-type":"","overlay-color":"","overlay-opacity":"","overlay-gradient":""}},"ast-content-background-meta":{"desktop":{"background-color":"var(--ast-global-color-5)","background-image":"","background-repeat":"repeat","background-position":"center center","background-size":"auto","background-attachment":"scroll","background-type":"","background-media":"","overlay-type":"","overlay-color":"","overlay-opacity":"","overlay-gradient":""},"tablet":{"background-color":"var(--ast-global-color-5)","background-image":"","background-repeat":"repeat","background-position":"center center","background-size":"auto","background-attachment":"scroll","background-type":"","background-media":"","overlay-type":"","overlay-color":"","overlay-opacity":"","overlay-gradient":""},"mobile":{"background-color":"var(--ast-global-color-5)","background-image":"","background-repeat":"repeat","background-position":"center center","background-size":"auto","background-attachment":"scroll","background-type":"","background-media":"","overlay-type":"","overlay-color":"","overlay-opacity":"","overlay-gradient":""}},"footnotes":""},"class_list":["post-609","page","type-page","status-publish","hentry"],"yoast_head":"<!-- This site is optimized with the Yoast SEO plugin v23.4 - https:\/\/yoast.com\/wordpress\/plugins\/seo\/ -->\n<title>Stellenangebot: Moser Consulting GmbH<\/title>\n<meta name=\"description\" content=\"Wir wachsen und suchen motivierte Menschen, die Lust auf SAP Datawarehouse Herausforderungen haben und selbstst\u00e4ndig arbeiten m\u00f6chten.\" \/>\n<meta name=\"robots\" content=\"index, follow, max-snippet:-1, max-image-preview:large, max-video-preview:-1\" \/>\n<link rel=\"canonical\" href=\"https:\/\/moser-consulting.ch\/en\/stellenangebote\/\" \/>\n<meta property=\"og:locale\" content=\"en_US\" \/>\n<meta property=\"og:type\" content=\"article\" \/>\n<meta property=\"og:title\" content=\"Stellenangebot: Moser Consulting GmbH\" \/>\n<meta property=\"og:description\" content=\"Wir wachsen und suchen motivierte Menschen, die Lust auf SAP Datawarehouse Herausforderungen haben und selbstst\u00e4ndig arbeiten m\u00f6chten.\" \/>\n<meta property=\"og:url\" content=\"https:\/\/moser-consulting.ch\/en\/stellenangebote\/\" \/>\n<meta property=\"og:site_name\" content=\"Moser Business Consulting\" \/>\n<meta property=\"article:modified_time\" content=\"2021-12-22T09:21:23+00:00\" \/>\n<meta property=\"og:image\" content=\"https:\/\/moser-consulting.ch\/wp-content\/uploads\/2021\/12\/job-offer1.2.jpg\" \/>\n<meta name=\"twitter:card\" content=\"summary_large_image\" \/>\n<meta name=\"twitter:label1\" content=\"Est. reading time\" \/>\n\t<meta name=\"twitter:data1\" content=\"4 minutes\" \/>\n<script type=\"application\/ld+json\" class=\"yoast-schema-graph\">{\"@context\":\"https:\/\/schema.org\",\"@graph\":[{\"@type\":\"WebPage\",\"@id\":\"https:\/\/moser-consulting.ch\/stellenangebote\/\",\"url\":\"https:\/\/moser-consulting.ch\/stellenangebote\/\",\"name\":\"Stellenangebot: Moser Consulting GmbH\",\"isPartOf\":{\"@id\":\"https:\/\/moser-consulting.ch\/#website\"},\"primaryImageOfPage\":{\"@id\":\"https:\/\/moser-consulting.ch\/stellenangebote\/#primaryimage\"},\"image\":{\"@id\":\"https:\/\/moser-consulting.ch\/stellenangebote\/#primaryimage\"},\"thumbnailUrl\":\"https:\/\/moser-consulting.ch\/wp-content\/uploads\/2021\/12\/job-offer1.2.jpg\",\"datePublished\":\"2021-12-21T14:01:10+00:00\",\"dateModified\":\"2021-12-22T09:21:23+00:00\",\"description\":\"Wir wachsen und suchen motivierte Menschen, die Lust auf SAP Datawarehouse Herausforderungen haben und selbstst\u00e4ndig arbeiten m\u00f6chten.\",\"breadcrumb\":{\"@id\":\"https:\/\/moser-consulting.ch\/stellenangebote\/#breadcrumb\"},\"inLanguage\":\"en-US\",\"potentialAction\":[{\"@type\":\"ReadAction\",\"target\":[\"https:\/\/moser-consulting.ch\/stellenangebote\/\"]}]},{\"@type\":\"ImageObject\",\"inLanguage\":\"en-US\",\"@id\":\"https:\/\/moser-consulting.ch\/stellenangebote\/#primaryimage\",\"url\":\"https:\/\/moser-consulting.ch\/wp-content\/uploads\/2021\/12\/job-offer1.2.jpg\",\"contentUrl\":\"https:\/\/moser-consulting.ch\/wp-content\/uploads\/2021\/12\/job-offer1.2.jpg\"},{\"@type\":\"BreadcrumbList\",\"@id\":\"https:\/\/moser-consulting.ch\/stellenangebote\/#breadcrumb\",\"itemListElement\":[{\"@type\":\"ListItem\",\"position\":1,\"name\":\"Startseite\",\"item\":\"https:\/\/moser-consulting.ch\/\"},{\"@type\":\"ListItem\",\"position\":2,\"name\":\"Stellenangebote\"}]},{\"@type\":\"WebSite\",\"@id\":\"https:\/\/moser-consulting.ch\/#website\",\"url\":\"https:\/\/moser-consulting.ch\/\",\"name\":\"Moser Business Consulting\",\"description\":\"The Data Analytics Expert Team\",\"publisher\":{\"@id\":\"https:\/\/moser-consulting.ch\/#organization\"},\"potentialAction\":[{\"@type\":\"SearchAction\",\"target\":{\"@type\":\"EntryPoint\",\"urlTemplate\":\"https:\/\/moser-consulting.ch\/?s={search_term_string}\"},\"query-input\":{\"@type\":\"PropertyValueSpecification\",\"valueRequired\":true,\"valueName\":\"search_term_string\"}}],\"inLanguage\":\"en-US\"},{\"@type\":\"Organization\",\"@id\":\"https:\/\/moser-consulting.ch\/#organization\",\"name\":\"Moser Business Consulting\",\"url\":\"https:\/\/moser-consulting.ch\/\",\"logo\":{\"@type\":\"ImageObject\",\"inLanguage\":\"en-US\",\"@id\":\"https:\/\/moser-consulting.ch\/#\/schema\/logo\/image\/\",\"url\":\"https:\/\/moser-consulting.ch\/wp-content\/uploads\/2020\/11\/Moser_Business_Consulting.png\",\"contentUrl\":\"https:\/\/moser-consulting.ch\/wp-content\/uploads\/2020\/11\/Moser_Business_Consulting.png\",\"width\":490,\"height\":156,\"caption\":\"Moser Business Consulting\"},\"image\":{\"@id\":\"https:\/\/moser-consulting.ch\/#\/schema\/logo\/image\/\"}}]}<\/script>\n<!-- \/ Yoast SEO plugin. -->","yoast_head_json":{"title":"Stellenangebot: Moser Consulting GmbH","description":"Wir wachsen und suchen motivierte Menschen, die Lust auf SAP Datawarehouse Herausforderungen haben und selbstst\u00e4ndig arbeiten m\u00f6chten.","robots":{"index":"index","follow":"follow","max-snippet":"max-snippet:-1","max-image-preview":"max-image-preview:large","max-video-preview":"max-video-preview:-1"},"canonical":"https:\/\/moser-consulting.ch\/en\/stellenangebote\/","og_locale":"en_US","og_type":"article","og_title":"Stellenangebot: Moser Consulting GmbH","og_description":"Wir wachsen und suchen motivierte Menschen, die Lust auf SAP Datawarehouse Herausforderungen haben und selbstst\u00e4ndig arbeiten m\u00f6chten.","og_url":"https:\/\/moser-consulting.ch\/en\/stellenangebote\/","og_site_name":"Moser Business Consulting","article_modified_time":"2021-12-22T09:21:23+00:00","og_image":[{"url":"https:\/\/moser-consulting.ch\/wp-content\/uploads\/2021\/12\/job-offer1.2.jpg"}],"twitter_card":"summary_large_image","twitter_misc":{"Est. reading time":"4 minutes"},"schema":{"@context":"https:\/\/schema.org","@graph":[{"@type":"WebPage","@id":"https:\/\/moser-consulting.ch\/stellenangebote\/","url":"https:\/\/moser-consulting.ch\/stellenangebote\/","name":"Stellenangebot: Moser Consulting GmbH","isPartOf":{"@id":"https:\/\/moser-consulting.ch\/#website"},"primaryImageOfPage":{"@id":"https:\/\/moser-consulting.ch\/stellenangebote\/#primaryimage"},"image":{"@id":"https:\/\/moser-consulting.ch\/stellenangebote\/#primaryimage"},"thumbnailUrl":"https:\/\/moser-consulting.ch\/wp-content\/uploads\/2021\/12\/job-offer1.2.jpg","datePublished":"2021-12-21T14:01:10+00:00","dateModified":"2021-12-22T09:21:23+00:00","description":"Wir wachsen und suchen motivierte Menschen, die Lust auf SAP Datawarehouse Herausforderungen haben und selbstst\u00e4ndig arbeiten m\u00f6chten.","breadcrumb":{"@id":"https:\/\/moser-consulting.ch\/stellenangebote\/#breadcrumb"},"inLanguage":"en-US","potentialAction":[{"@type":"ReadAction","target":["https:\/\/moser-consulting.ch\/stellenangebote\/"]}]},{"@type":"ImageObject","inLanguage":"en-US","@id":"https:\/\/moser-consulting.ch\/stellenangebote\/#primaryimage","url":"https:\/\/moser-consulting.ch\/wp-content\/uploads\/2021\/12\/job-offer1.2.jpg","contentUrl":"https:\/\/moser-consulting.ch\/wp-content\/uploads\/2021\/12\/job-offer1.2.jpg"},{"@type":"BreadcrumbList","@id":"https:\/\/moser-consulting.ch\/stellenangebote\/#breadcrumb","itemListElement":[{"@type":"ListItem","position":1,"name":"Startseite","item":"https:\/\/moser-consulting.ch\/"},{"@type":"ListItem","position":2,"name":"Stellenangebote"}]},{"@type":"WebSite","@id":"https:\/\/moser-consulting.ch\/#website","url":"https:\/\/moser-consulting.ch\/","name":"Moser Business Consulting","description":"The Data Analytics Expert Team","publisher":{"@id":"https:\/\/moser-consulting.ch\/#organization"},"potentialAction":[{"@type":"SearchAction","target":{"@type":"EntryPoint","urlTemplate":"https:\/\/moser-consulting.ch\/?s={search_term_string}"},"query-input":{"@type":"PropertyValueSpecification","valueRequired":true,"valueName":"search_term_string"}}],"inLanguage":"en-US"},{"@type":"Organization","@id":"https:\/\/moser-consulting.ch\/#organization","name":"Moser Business Consulting","url":"https:\/\/moser-consulting.ch\/","logo":{"@type":"ImageObject","inLanguage":"en-US","@id":"https:\/\/moser-consulting.ch\/#\/schema\/logo\/image\/","url":"https:\/\/moser-consulting.ch\/wp-content\/uploads\/2020\/11\/Moser_Business_Consulting.png","contentUrl":"https:\/\/moser-consulting.ch\/wp-content\/uploads\/2020\/11\/Moser_Business_Consulting.png","width":490,"height":156,"caption":"Moser Business Consulting"},"image":{"@id":"https:\/\/moser-consulting.ch\/#\/schema\/logo\/image\/"}}]}},"_links":{"self":[{"href":"https:\/\/moser-consulting.ch\/en\/wp-json\/wp\/v2\/pages\/609"}],"collection":[{"href":"https:\/\/moser-consulting.ch\/en\/wp-json\/wp\/v2\/pages"}],"about":[{"href":"https:\/\/moser-consulting.ch\/en\/wp-json\/wp\/v2\/types\/page"}],"author":[{"embeddable":true,"href":"https:\/\/moser-consulting.ch\/en\/wp-json\/wp\/v2\/users\/2"}],"replies":[{"embeddable":true,"href":"https:\/\/moser-consulting.ch\/en\/wp-json\/wp\/v2\/comments?post=609"}],"version-history":[{"count":21,"href":"https:\/\/moser-consulting.ch\/en\/wp-json\/wp\/v2\/pages\/609\/revisions"}],"predecessor-version":[{"id":649,"href":"https:\/\/moser-consulting.ch\/en\/wp-json\/wp\/v2\/pages\/609\/revisions\/649"}],"wp:attachment":[{"href":"https:\/\/moser-consulting.ch\/en\/wp-json\/wp\/v2\/media?parent=609"}],"curies":[{"name":"wp","href":"https:\/\/api.w.org\/{rel}","templated":true}]}}